{"id":804,"date":"2013-10-12T20:37:28","date_gmt":"2013-10-12T18:37:28","guid":{"rendered":"http:\/\/erinnerungshort.de\/blog\/?page_id=804"},"modified":"2018-04-20T11:29:40","modified_gmt":"2018-04-20T09:29:40","slug":"datenschutz","status":"publish","type":"page","link":"https:\/\/erinnerungshort.de\/blog\/datenschutz\/","title":{"rendered":"Datenschutz"},"content":{"rendered":"<p>Dies ist ein rein privates Blog. Wir finden Datenschutz toll, unterliegen aber unseres Wissens nicht der <a href=\"https:\/\/de.wikipedia.org\/wiki\/Datenschutz-Grundverordnung#Geltungsbereich\" target=\"_blank\" rel=\"noopener\">DS-GVO<\/a>.<\/p>\n<p>Wir sammeln oder verarbeiten grunds\u00e4tzlich keine personenbezogenen Daten, mit folgenden kleinen Ausnahmen:<\/p>\n<ul>\n<li>Bei Kommentaren wird <em>Dein angegebener Name oder Dein Pseudonym,<\/em> Deine <em>E-Mail-Adresse und Deine IP-Adresse<\/em> auf unserem Server (in Deutschland) gespeichert. Dies, um Spam zu erkennen und automatisiert auszusortieren. Wir speichern diese Date nicht, ohne Dein Einverst\u00e4ndnis dazu einzuholen.<br \/>\nE-Mail-Adressen und IPs l\u00f6schen wir von Zeit zu Zeit manuell in der Datenbank. Unser Blogssystem WordPress bietet demn\u00e4chst voraussichtlich auch eine Funktion an, die das automatisch erledigt.<\/li>\n<li>Wir machen aus Gr\u00fcnden der Datensicherheit auch mal Backups (viel zu selten\u2026), in denen sich noch die Kommentardaten verstecken k\u00f6nnen. Die l\u00f6schen wir nat\u00fcrlich auch, wenn sie nicht mehr aktuell sind.<\/li>\n<li>Unser Provider speichert ebenfalls aus Gr\u00fcnden der Datensicherheit (Schutz vor Angriffen, Analysen von Angriffen) Server-Logfiles. Darin sind enthalten:\n<ul>\n<li>Browsertyp\/Browserversion, verwendetes Betriebssystem, Referrer URL (die Seite, von der Du zu uns per Link gekommen bist), Hostname des zugreifenden Rechners, Uhrzeit der Serveranfrage<\/li>\n<\/ul>\n<\/li>\n<\/ul>\n<p style=\"text-align: left; padding-left: 30px;\">Diese Daten sind nicht bestimmten Personen zuzuordnen. Eine Zusammenf\u00fchrung dieser Daten mit anderen Datenquellen wird nicht vorgenommen und wir werten sie auch nicht aus. Wir k\u00f6nnen sie aber nachtr\u00e4glich pr\u00fcfen lassen, wenn uns konkrete Anhaltspunkte f\u00fcr eine rechtswidrige Nutzung dieser Website bekannt werden.<\/p>\n<p>Ansonsten: Kein Piwik oder Analytics, Keine Maps, keine Webfonts, absurderweise auch keine Einbindungen direkt von Commons oder OSM mehr. Spannenderweise funktioniert diese Website f\u00fcr reine Besucherinnen und Besucher auch v\u00f6llig ohne Cookies, lass Dir nix anderes einreden. Wenn Du noch was entdeckst, was wir \u00fcbersehen haben, gib uns bitte Bescheid, dann entfernen wir es, um Ruhe zu haben ;-)<\/p>\n<p>&nbsp;<\/p>\n","protected":false},"excerpt":{"rendered":"<p>Dies ist ein rein privates Blog. Wir finden Datenschutz toll, unterliegen aber unseres Wissens nicht der DS-GVO. Wir sammeln oder verarbeiten grunds\u00e4tzlich keine personenbezogenen Daten, mit folgenden kleinen Ausnahmen: Bei Kommentaren wird Dein angegebener Name oder Dein Pseudonym, Deine E-Mail-Adresse und Deine IP-Adresse auf unserem Server (in Deutschland) gespeichert. Dies, um Spam zu erkennen und <a href=\"https:\/\/erinnerungshort.de\/blog\/datenschutz\/\" class=\"more-link\">&hellip; <span class=\"screen-reader-text\">Datenschutz weiterlesen<\/span><\/a><\/p>\n","protected":false},"author":6,"featured_media":0,"parent":0,"menu_order":0,"comment_status":"open","ping_status":"open","template":"","meta":{"ngg_post_thumbnail":0,"footnotes":""},"class_list":{"0":"post-804","1":"page","2":"type-page","3":"status-publish","5":"entry"},"_links":{"self":[{"href":"https:\/\/erinnerungshort.de\/blog\/wp-json\/wp\/v2\/pages\/804","targetHints":{"allow":["GET"]}}],"collection":[{"href":"https:\/\/erinnerungshort.de\/blog\/wp-json\/wp\/v2\/pages"}],"about":[{"href":"https:\/\/erinnerungshort.de\/blog\/wp-json\/wp\/v2\/types\/page"}],"author":[{"embeddable":true,"href":"https:\/\/erinnerungshort.de\/blog\/wp-json\/wp\/v2\/users\/6"}],"replies":[{"embeddable":true,"href":"https:\/\/erinnerungshort.de\/blog\/wp-json\/wp\/v2\/comments?post=804"}],"version-history":[{"count":14,"href":"https:\/\/erinnerungshort.de\/blog\/wp-json\/wp\/v2\/pages\/804\/revisions"}],"predecessor-version":[{"id":1060,"href":"https:\/\/erinnerungshort.de\/blog\/wp-json\/wp\/v2\/pages\/804\/revisions\/1060"}],"wp:attachment":[{"href":"https:\/\/erinnerungshort.de\/blog\/wp-json\/wp\/v2\/media?parent=804"}],"curies":[{"name":"wp","href":"https:\/\/api.w.org\/{rel}","templated":true}]}}